{"id":6544,"date":"2025-10-18T08:46:50","date_gmt":"2025-10-18T06:46:50","guid":{"rendered":"https:\/\/flytracker.de\/?page_id=6544"},"modified":"2026-02-04T14:33:44","modified_gmt":"2026-02-04T13:33:44","slug":"aviso-legal","status":"publish","type":"page","link":"https:\/\/easyflycheck.com\/es\/aviso-legal\/","title":{"rendered":"Aviso legal"},"content":{"rendered":"\t\t<div data-elementor-type=\"wp-page\" data-elementor-id=\"6544\" class=\"elementor elementor-6544\">\n\t\t\t\t<div class=\"elementor-element elementor-element-2a987b5 e-flex e-con-boxed e-con e-parent\" data-id=\"2a987b5\" data-element_type=\"container\" data-e-type=\"container\">\n\t\t\t\t\t<div class=\"e-con-inner\">\n\t\t\t\t<div class=\"elementor-element elementor-element-8920cf0 elementor-widget elementor-widget-text-editor\" data-id=\"8920cf0\" data-element_type=\"widget\" data-e-type=\"widget\" data-widget_type=\"text-editor.default\">\n\t\t\t\t\t\t\t\t\t<h1>Aviso legal<\/h1>\n<p>Informaci\u00f3n seg\u00fan el art\u00edculo 5 de la Ley alemana de servicios de telecomunicaci\u00f3n (TMG)<\/p>\n<p>Christoph M\u00fcller <br \/>Pfarrer-Byns Str. 3<br \/>53121 Bonn <br \/><strong>Contacto:<\/strong> <br \/>Correo electr\u00f3nico: <a href=\"mailto:chris.mueller1992@web.de\">chris.mueller1992@web.de<\/a><\/p>\n<p><strong>Exenci\u00f3n de responsabilidad: <\/strong><\/p>\n<p><strong>Responsabilidad por los contenidos<\/strong><\/p>\n<p>El contenido de nuestras p\u00e1ginas ha sido elaborado con el mayor cuidado. Sin embargo, no podemos garantizar la exactitud, integridad y actualidad de los contenidos. Como proveedores de servicios, somos responsables de los contenidos propios de estas p\u00e1ginas seg\u00fan las leyes generales, de conformidad con el art\u00edculo 7, apartado 1, de la Ley alemana de servicios de telecomunicaci\u00f3n (TMG). No obstante, seg\u00fan los art\u00edculos 8 a 10 de la TMG, como proveedor de servicios no estamos obligados a supervisar la informaci\u00f3n transmitida o almacenada por terceros ni a investigar circunstancias que indiquen una actividad ilegal. Las obligaciones de eliminar o bloquear el uso de la informaci\u00f3n seg\u00fan las leyes generales no se ven afectadas por ello. No obstante, la responsabilidad al respecto solo es posible a partir del momento en que se tiene conocimiento de una infracci\u00f3n concreta. Si tenemos conocimiento de infracciones de este tipo, eliminaremos dichos contenidos inmediatamente.<\/p>\n<p><strong>Responsabilidad por los enlaces<\/strong><\/p>\n<p>Nuestra oferta contiene enlaces a p\u00e1ginas web externas de terceros sobre cuyos contenidos no tenemos influencia alguna. Por lo tanto, no podemos asumir ninguna responsabilidad por estos contenidos ajenos. El proveedor u operador de las p\u00e1ginas enlazadas es siempre responsable de los contenidos de las mismas. Las p\u00e1ginas enlazadas fueron revisadas en el momento de establecer el enlace para detectar posibles infracciones legales. En el momento de establecer el enlace no se detectaron contenidos ilegales. Sin embargo, no es razonable realizar un control permanente del contenido de las p\u00e1ginas enlazadas sin indicios concretos de una infracci\u00f3n legal. Si se nos informa de alguna infracci\u00f3n, eliminaremos dichos enlaces inmediatamente.\n<p><strong>Derechos de autor<\/strong><\/p>\n<p>Los contenidos y obras creados por los operadores del sitio web en estas p\u00e1ginas est\u00e1n sujetos a la legislaci\u00f3n alemana en materia de derechos de autor. La reproducci\u00f3n, edici\u00f3n, distribuci\u00f3n y cualquier tipo de uso fuera de los l\u00edmites de los derechos de autor requieren el consentimiento por escrito del autor o creador correspondiente. Las descargas y copias de esta p\u00e1gina solo est\u00e1n permitidas para uso privado y no comercial. En la medida en que los contenidos de esta p\u00e1gina no hayan sido creados por el operador, se respetar\u00e1n los derechos de autor de terceros. En particular, los contenidos de terceros se identificar\u00e1n como tales. No obstante, si detecta una infracci\u00f3n de los derechos de autor, le rogamos que nos lo comunique. Tan pronto como tengamos conocimiento de cualquier infracci\u00f3n, eliminaremos dichos contenidos inmediatamente.\n<p><strong>Protecci\u00f3n de datos<\/strong><\/p>\n<p>Por lo general, es posible utilizar nuestro sitio web sin proporcionar datos personales. En la medida en que se recopilen datos personales (por ejemplo, nombre, direcci\u00f3n o direcciones de correo electr\u00f3nico) en nuestras p\u00e1ginas, esto se har\u00e1, en la medida de lo posible, siempre de forma voluntaria. Estos datos no se transmitir\u00e1n a terceros sin su consentimiento expreso. <br \/>Le informamos de que la transmisi\u00f3n de datos en Internet (por ejemplo, en la comunicaci\u00f3n por correo electr\u00f3nico) puede presentar lagunas de seguridad. No es posible garantizar una protecci\u00f3n completa de los datos frente al acceso de terceros. <br \/>Por la presente se rechaza expresamente el uso por parte de terceros de los datos de contacto publicados en el marco de la obligaci\u00f3n de incluir un aviso legal para el env\u00edo de publicidad y material informativo no solicitado expresamente. Los operadores de las p\u00e1ginas se reservan expresamente el derecho de emprender acciones legales en caso de env\u00edo no solicitado de informaci\u00f3n publicitaria, por ejemplo, a trav\u00e9s de correos electr\u00f3nicos no deseados.<\/p>\t\t\t\t\t\t\t\t<\/div>\n\t\t\t\t\t<\/div>\n\t\t\t\t<\/div>\n\t\t\t\t<\/div>\n\t\t","protected":false},"excerpt":{"rendered":"<p>Aviso legal Informaci\u00f3n seg\u00fan el art\u00edculo 5 de la Ley alemana de servicios de telecomunicaci\u00f3n (TMG) Christoph M\u00fcller Pfarrer-Byns Str. 353121 Bonn Contacto: Correo electr\u00f3nico: chris.mueller1992@web.de Exenci\u00f3n de responsabilidad: Responsabilidad por los contenidos El contenido de nuestras p\u00e1ginas ha sido elaborado con el mayor cuidado. Sin embargo, no podemos garantizar la exactitud, integridad y actualidad [&hellip;]<\/p>\n","protected":false},"author":1,"featured_media":0,"parent":0,"menu_order":0,"comment_status":"closed","ping_status":"closed","template":"","meta":{"footnotes":""},"class_list":["post-6544","page","type-page","status-publish","hentry"],"_links":{"self":[{"href":"https:\/\/easyflycheck.com\/es\/wp-json\/wp\/v2\/pages\/6544","targetHints":{"allow":["GET"]}}],"collection":[{"href":"https:\/\/easyflycheck.com\/es\/wp-json\/wp\/v2\/pages"}],"about":[{"href":"https:\/\/easyflycheck.com\/es\/wp-json\/wp\/v2\/types\/page"}],"author":[{"embeddable":true,"href":"https:\/\/easyflycheck.com\/es\/wp-json\/wp\/v2\/users\/1"}],"replies":[{"embeddable":true,"href":"https:\/\/easyflycheck.com\/es\/wp-json\/wp\/v2\/comments?post=6544"}],"version-history":[{"count":5,"href":"https:\/\/easyflycheck.com\/es\/wp-json\/wp\/v2\/pages\/6544\/revisions"}],"predecessor-version":[{"id":14554,"href":"https:\/\/easyflycheck.com\/es\/wp-json\/wp\/v2\/pages\/6544\/revisions\/14554"}],"wp:attachment":[{"href":"https:\/\/easyflycheck.com\/es\/wp-json\/wp\/v2\/media?parent=6544"}],"curies":[{"name":"wp","href":"https:\/\/api.w.org\/{rel}","templated":true}]}}